{"id":13,"date":"2008-07-25T11:38:56","date_gmt":"2008-07-25T09:38:56","guid":{"rendered":"http:\/\/www.kathrinaehnlich.com\/kat\/?page_id=13"},"modified":"2019-09-19T16:14:41","modified_gmt":"2019-09-19T14:14:41","slug":"biografie","status":"publish","type":"page","link":"http:\/\/www.kathrinaehnlich.com\/kat\/information\/biografie\/","title":{"rendered":"Biografie"},"content":{"rendered":"<p>ngg_shortcode_0_placeholderGeboren 1957 in Leipzig.<\/p>\n<p>Nach dem Studium an der Ingenieurschule f\u00fcr Bauwesen und dreij\u00e4hriger Arbeit in einem Baubetrieb, Studium am Literaturinstitut in Leipzig (1985-1988). Belegung der sch\u00f6pferischen Seminare Prosa und Dramatik. K\u00fcnstlerische Abschlussarbeit: &#8222;Wenn ich gro\u00df bin flieg ich zu den Sternen&#8220; &#8211; eine Erz\u00e4hlung \u00fcber den DDR-Alltag aus der Sicht eines Kindes (erschien zehn Jahre sp\u00e4ter 1998 im Gustav-Kiepenheuer-Verlag). Im Anschluss an das Studium Schreiben und Ver\u00f6ffentlichung von H\u00f6rspielen, Erz\u00e4hlungen und einem Kinderbuch.<\/p>\n<p>Nach dem Fall der Mauer Beginn der journalistischen Arbeit, zuerst Reportagen und Gerichtsberichte f\u00fcr die unabh\u00e4ngige Wochenzeitung &#8222;Die andere Zeitung&#8220; (DAZ), dann erste Arbeiten f\u00fcr den Rundfunk. Seit 1992 Freie Redakteurin beim Mitteldeutschen Rundfunk in der Feature-Redaktion von MDR-Figaro. 1998 Stipendium f\u00fcr hochbegabten schriftstellerischen Nachwuchs.<\/p>\n<p>Autorin und Regisseurin von H\u00f6rfunkfeatures und Dokumentarfilmen.<br \/>\n(u.a. Soundtrack Ost &#8211; arte\/mdr 2004)<\/p>\n<p>2007 erschien im Arche-Verlag Z\u00fcrich-Hamburg der erste Roman: \u201eAlle sterben, auch die L\u00f6ffelst\u00f6re\u201d (nachfolgend in 7 verschiedenen Ausgaben).<\/p>\n<p>2009 l\u00e4ngerer New York Aufenthalt und \u201eLedig House\u201c international Writer Residency-Stipendium.<\/p>\n<p>2011 erscheint im Arche-Verlag Z\u00fcrich Hamburg \u201eRom-New York-Markkleeberg \u2013 vom Unterwegssein\u201c.<\/p>\n<p>2013 im Kunstmann-Verlag der Roman \u201eWenn die Wale an Land gehen\u201c,<\/p>\n<p>2018 in der \u201eEdition Zeitbelende\u201c im AT Verlag der Essayband: \u201eGrenzg\u00e4nge \u2013 von Papstbegr\u00e4bnissen, Kindheitstr\u00e4umen und unsterblichen Seegurken\u201c.<\/p>\n<p>Und im September 2019 erscheint im Kunstmannverlag der Roman: \u201eWie Frau Krause die DDR erfand\u201c<\/p>\n","protected":false},"excerpt":{"rendered":"<p>Geboren 1957 in Leipzig. Nach dem Studium an der Ingenieurschule f\u00fcr Bauwesen und dreij\u00e4hriger Arbeit in einem Baubetrieb, Studium am Literaturinstitut in Leipzig (1985-1988). Belegung der sch\u00f6pferischen Seminare Prosa und Dramatik. K\u00fcnstlerische Abschlussarbeit: &#8222;Wenn ich gro\u00df bin flieg ich zu den Sternen&#8220; &#8211; eine Erz\u00e4hlung \u00fcber den DDR-Alltag aus der Sicht eines Kindes (erschien zehn [&hellip;]<\/p>\n","protected":false},"author":1,"featured_media":0,"parent":3,"menu_order":10,"comment_status":"open","ping_status":"open","template":"information.php","meta":{"ngg_post_thumbnail":0,"footnotes":""},"class_list":["post-13","page","type-page","status-publish","hentry"],"_links":{"self":[{"href":"http:\/\/www.kathrinaehnlich.com\/kat\/wp-json\/wp\/v2\/pages\/13"}],"collection":[{"href":"http:\/\/www.kathrinaehnlich.com\/kat\/wp-json\/wp\/v2\/pages"}],"about":[{"href":"http:\/\/www.kathrinaehnlich.com\/kat\/wp-json\/wp\/v2\/types\/page"}],"author":[{"embeddable":true,"href":"http:\/\/www.kathrinaehnlich.com\/kat\/wp-json\/wp\/v2\/users\/1"}],"replies":[{"embeddable":true,"href":"http:\/\/www.kathrinaehnlich.com\/kat\/wp-json\/wp\/v2\/comments?post=13"}],"version-history":[{"count":2,"href":"http:\/\/www.kathrinaehnlich.com\/kat\/wp-json\/wp\/v2\/pages\/13\/revisions"}],"predecessor-version":[{"id":248,"href":"http:\/\/www.kathrinaehnlich.com\/kat\/wp-json\/wp\/v2\/pages\/13\/revisions\/248"}],"up":[{"embeddable":true,"href":"http:\/\/www.kathrinaehnlich.com\/kat\/wp-json\/wp\/v2\/pages\/3"}],"wp:attachment":[{"href":"http:\/\/www.kathrinaehnlich.com\/kat\/wp-json\/wp\/v2\/media?parent=13"}],"curies":[{"name":"wp","href":"https:\/\/api.w.org\/{rel}","templated":true}]}}