{"id":4,"date":"2008-07-25T08:47:40","date_gmt":"2008-07-25T06:47:40","guid":{"rendered":"http:\/\/www.kathrinaehnlich.com\/kat\/?page_id=4"},"modified":"2019-09-19T09:46:26","modified_gmt":"2019-09-19T07:46:26","slug":"bucher","status":"publish","type":"page","link":"http:\/\/www.kathrinaehnlich.com\/kat\/bucher\/","title":{"rendered":"B\u00fccher"},"content":{"rendered":"<h4>ngg_shortcode_0_placeholderWie Frau Krause die DDR erfand<\/h4>\n<p><span style=\"color: #ff0000;\"><strong>Neuerscheinung!<\/strong><\/span><\/p>\n<p>Ab 25. 09. 2019 im Buchhandel<\/p>\n<p>Roman 175 Seiten<br \/>\nVerlag Antje Kunstmann M\u00fcnchen<\/p>\n<h4>ngg_shortcode_1_placeholderGrenzg\u00e4nge<\/h4>\n<p>Von Papstbeerdigungen, Kindheitstr\u00e4umen und unsterblichen Seegurken<\/p>\n<p>Essays 250 Seiten &#8211; Mit Fotos von Walter Lindenberg<br \/>\n\u201eEdition Zeitblende\u201c im AT Verlag Aarau und M\u00fcnchen 2018<\/p>\n<h4>ngg_shortcode_2_placeholderWenn die Wale an Land gehen<\/h4>\n<p>Roman 250 Seiten<br \/>\nVerlag Antje Kunstmann 2013<\/p>\n<p><a href=\"http:\/\/www.kathrinaehnlich.com\/kat\/wp-content\/uploads\/vorschau_h13_aehnlich2.pdf\">&gt;&gt;Verlagsvorschau<\/a><\/p>\n<h4>ngg_shortcode_3_placeholderQuando sar\u00f2 grande voler\u00f2 fino alle stelle<\/h4>\n<p>\u00dcbersetzung Marco Gabellieri<br \/>\nErz\u00e4hlungen 179 Seiten<br \/>\nBarbes Nikita Editore Firenze 2011<\/p>\n<h4>ngg_shortcode_4_placeholderRom New York Markkleeberg \u2013 vom Unterwegssein<\/h4>\n<p>Erz\u00e4hlungen 198 S.<br \/>\nArche Literatur Verlag Z\u00fcrich-Hamburg M\u00e4rz 2011<\/p>\n<p><a href=\"http:\/\/www.kathrinaehnlich.com\/kat\/wp-content\/uploads\/doppelseitenaehnlich.pdf\" target=\"_blank\" rel=\"noopener noreferrer\">&gt;&gt;Verlagsvorschau<\/a><\/p>\n<h4>ngg_shortcode_5_placeholderWszyscy umieraja, lyzkowce rowniez<\/h4>\n<p>Arkadia Literatur Verlag September 2009<\/p>\n<p><a href=\"http:\/\/www.arkadia-verlag.de\/video\/lyzkowce\" target=\"_blank\" rel=\"noopener noreferrer\">&gt;&gt;Video<\/a><\/p>\n<h4>ngg_shortcode_6_placeholderWenn ich gro\u00df bin flieg ich zu den Sternen<\/h4>\n<p>Erz\u00e4hlung 159 S.&nbsp;Taschenbuchausgabe<br \/>\nPiper Verlag M\u00fcnchen November 2009<\/p>\n<h4>ngg_shortcode_7_placeholderAlle sterben, auch die L\u00f6ffelst\u00f6re<\/h4>\n<p>Roman 256 S.&nbsp;Taschenbuch Sonderausgabe<br \/>\nPiper Verlag M\u00fcnchen Oktober 2009<\/p>\n<h4>ngg_shortcode_8_placeholderAlle sterben, auch die L\u00f6ffelst\u00f6re<\/h4>\n<p>Roman 256 S.&nbsp;Taschenbuchausgabe<br \/>\nPiper Verlag M\u00fcnchen Oktober 2008<\/p>\n<h4>ngg_shortcode_9_placeholderAlle sterben, auch die L\u00f6ffelst\u00f6re<\/h4>\n<p style=\"text-align: left;\">Roman 256 S. Taschenbuch limitierte Sonderausgabe<br \/>\nLiteratur Verlag Z\u00fcrich-Hamburg 2008<\/p>\n<p style=\"text-align: left;\"><a href=\"?page_id=125\">&gt;&gt;Leseprobe englisch<\/a><\/p>\n<h4>ngg_shortcode_10_placeholderAlle sterben, auch die L\u00f6ffelst\u00f6re<\/h4>\n<p style=\"text-align: left;\">Roman 256 S. Hardcover<br \/>\nArche Literatur Verlag Z\u00fcrich-Hamburg 2007<\/p>\n<p style=\"text-align: left;\"><a href=\"?page_id=60\">&gt;&gt;Leseprobe<\/a><\/p>\n<h4>ngg_shortcode_11_placeholderAlle sterben, auch die L\u00f6ffelst\u00f6re<\/h4>\n<p class=\"MsoNormal\">Roman 256 S.<br \/>\nBertelsmann Buchclub Hardcover 2007<\/p>\n<h4>ngg_shortcode_12_placeholderWenn ich gro\u00df bin, flieg ich zu den Sternen<\/h4>\n<p style=\"text-align: left;\">Erz\u00e4hlung 160 S.<br \/>\nAufbau Taschenbuch 2003<\/p>\n<h4>ngg_shortcode_13_placeholderWenn ich gro\u00df bin, flieg ich zu den Sternen<\/h4>\n<p style=\"text-align: left;\">Erz\u00e4hlung Hardcover 160 S.<br \/>\nGustav-Kiepenheuer-Verlag Leipzig 1998<\/p>\n<p style=\"text-align: left;\"><a href=\"?page_id=61\">&gt;&gt;Leseprobe<\/a><\/p>\n<h4>ngg_shortcode_14_placeholderTraumzeit<\/h4>\n<p style=\"text-align: left;\">Zwei Erz\u00e4hlungen f\u00fcr Kinder<br \/>\nPostreiter-Verlag 1.Auflage 1988\/2.Auflage 1990<\/p>\n","protected":false},"excerpt":{"rendered":"<p>Wie Frau Krause die DDR erfand Neuerscheinung! Ab 25. 09. 2019 im Buchhandel Roman 175 Seiten Verlag Antje Kunstmann M\u00fcnchen Grenzg\u00e4nge Von Papstbeerdigungen, Kindheitstr\u00e4umen und unsterblichen Seegurken Essays 250 Seiten &#8211; Mit Fotos von Walter Lindenberg \u201eEdition Zeitblende\u201c im AT Verlag Aarau und M\u00fcnchen 2018 Wenn die Wale an Land gehen Roman 250 Seiten Verlag [&hellip;]<\/p>\n","protected":false},"author":1,"featured_media":0,"parent":0,"menu_order":10,"comment_status":"open","ping_status":"open","template":"","meta":{"ngg_post_thumbnail":0,"footnotes":""},"class_list":["post-4","page","type-page","status-publish","hentry"],"_links":{"self":[{"href":"http:\/\/www.kathrinaehnlich.com\/kat\/wp-json\/wp\/v2\/pages\/4"}],"collection":[{"href":"http:\/\/www.kathrinaehnlich.com\/kat\/wp-json\/wp\/v2\/pages"}],"about":[{"href":"http:\/\/www.kathrinaehnlich.com\/kat\/wp-json\/wp\/v2\/types\/page"}],"author":[{"embeddable":true,"href":"http:\/\/www.kathrinaehnlich.com\/kat\/wp-json\/wp\/v2\/users\/1"}],"replies":[{"embeddable":true,"href":"http:\/\/www.kathrinaehnlich.com\/kat\/wp-json\/wp\/v2\/comments?post=4"}],"version-history":[{"count":5,"href":"http:\/\/www.kathrinaehnlich.com\/kat\/wp-json\/wp\/v2\/pages\/4\/revisions"}],"predecessor-version":[{"id":223,"href":"http:\/\/www.kathrinaehnlich.com\/kat\/wp-json\/wp\/v2\/pages\/4\/revisions\/223"}],"wp:attachment":[{"href":"http:\/\/www.kathrinaehnlich.com\/kat\/wp-json\/wp\/v2\/media?parent=4"}],"curies":[{"name":"wp","href":"https:\/\/api.w.org\/{rel}","templated":true}]}}