{"id":5,"date":"2008-07-25T08:48:20","date_gmt":"2008-07-25T06:48:20","guid":{"rendered":"http:\/\/www.kathrinaehnlich.com\/kat\/?page_id=5"},"modified":"2011-03-12T14:10:57","modified_gmt":"2011-03-12T12:10:57","slug":"anthologien","status":"publish","type":"page","link":"http:\/\/www.kathrinaehnlich.com\/kat\/anthologien\/","title":{"rendered":"Anthologien"},"content":{"rendered":"<h4>ngg_shortcode_0_placeholderGeburtstagsfeier<\/h4>\n<p>In: &#8222;Die Mauer ist weg \u2013 Ein Lesebuch&#8220;<br \/>\nEdition Chrismon 2009<\/p>\n<h4>ngg_shortcode_1_placeholderFrauen in der DDR<\/h4>\n<p>In: &#8222;DDR- ein fernes Land 1949-1990&#8220; (Fotoband)<br \/>\nBucher Verlag M\u00fcnchen 2009<\/p>\n<h4>ngg_shortcode_2_placeholderTante B\u00e4rbels Befreiung<\/h4>\n<p class=\"MsoNormal\"><span style=\"font-family: Arial;\">in &#8222;Das Westpaket&#8220;<br \/>\nCh.Links Verlag 2000<\/span><\/p>\n<p class=\"MsoNormal\"><a href=\"?page_id=62\">&gt;&gt;Leseprobe<\/a><\/p>\n<h4><span style=\"font-family: Arial;\">ngg_shortcode_3_placeholderSpiel<\/span><\/h4>\n<p class=\"MsoNormal\"><span style=\"font-family: Arial;\">in &#8222;Hoch zu Ro\u00df ins Schlo\u00df&#8220;<br \/>\nVerlag Neues Leben 1985<\/span><\/p>\n<h4><span style=\"font-family: Arial;\">ngg_shortcode_4_placeholderSterntaler<\/span><\/h4>\n<p class=\"MsoNormal\"><span style=\"font-family: Arial;\">in &#8222;Schublade 3&#8220;<br \/>\nMitteldeutscher Verlag<\/span><\/p>\n<h4><span style=\"font-family: Arial;\">ngg_shortcode_5_placeholderDas Kind<\/span><\/h4>\n<p class=\"MsoNormal\"><span style=\"font-family: Arial;\">in &#8222;Schublade 2&#8220;<br \/>\nMittelddeutscher Verlag 1985<\/span><\/p>\n<h4><span style=\"font-family: Arial;\">ngg_shortcode_6_placeholderDie dicke Berta<\/span><\/h4>\n<p class=\"MsoNormal\"><span style=\"font-family: Arial;\">in &#8222;Auf einem M\u00e4uerlein das sitzt ein B\u00e4uerlein&#8220;<br \/>\nKinderbuchverlag 1984<\/span><\/p>\n","protected":false},"excerpt":{"rendered":"<p>Geburtstagsfeier In: &#8222;Die Mauer ist weg \u2013 Ein Lesebuch&#8220; Edition Chrismon 2009 Frauen in der DDR In: &#8222;DDR- ein fernes Land 1949-1990&#8220; (Fotoband) Bucher Verlag M\u00fcnchen 2009 Tante B\u00e4rbels Befreiung in &#8222;Das Westpaket&#8220; Ch.Links Verlag 2000 &gt;&gt;Leseprobe Spiel in &#8222;Hoch zu Ro\u00df ins Schlo\u00df&#8220; Verlag Neues Leben 1985 Sterntaler in &#8222;Schublade 3&#8220; Mitteldeutscher Verlag Das [&hellip;]<\/p>\n","protected":false},"author":1,"featured_media":0,"parent":0,"menu_order":20,"comment_status":"open","ping_status":"open","template":"","meta":{"ngg_post_thumbnail":0,"footnotes":""},"class_list":["post-5","page","type-page","status-publish","hentry"],"_links":{"self":[{"href":"http:\/\/www.kathrinaehnlich.com\/kat\/wp-json\/wp\/v2\/pages\/5"}],"collection":[{"href":"http:\/\/www.kathrinaehnlich.com\/kat\/wp-json\/wp\/v2\/pages"}],"about":[{"href":"http:\/\/www.kathrinaehnlich.com\/kat\/wp-json\/wp\/v2\/types\/page"}],"author":[{"embeddable":true,"href":"http:\/\/www.kathrinaehnlich.com\/kat\/wp-json\/wp\/v2\/users\/1"}],"replies":[{"embeddable":true,"href":"http:\/\/www.kathrinaehnlich.com\/kat\/wp-json\/wp\/v2\/comments?post=5"}],"version-history":[{"count":0,"href":"http:\/\/www.kathrinaehnlich.com\/kat\/wp-json\/wp\/v2\/pages\/5\/revisions"}],"wp:attachment":[{"href":"http:\/\/www.kathrinaehnlich.com\/kat\/wp-json\/wp\/v2\/media?parent=5"}],"curies":[{"name":"wp","href":"https:\/\/api.w.org\/{rel}","templated":true}]}}