{"id":7,"date":"2008-07-25T08:49:24","date_gmt":"2008-07-25T06:49:24","guid":{"rendered":"http:\/\/www.kathrinaehnlich.com\/kat\/?page_id=7"},"modified":"2008-07-25T12:29:37","modified_gmt":"2008-07-25T10:29:37","slug":"horspiele","status":"publish","type":"page","link":"http:\/\/www.kathrinaehnlich.com\/kat\/horspiele\/","title":{"rendered":"H\u00f6rspiele"},"content":{"rendered":"<h4>ngg_shortcode_0_placeholderHase Dreil\u00e4ufer<\/h4>\n<p>nach Gerhard Holtz-Baumert<br \/>\nProduktion Radio DDR 1985<\/p>\n<h4>ngg_shortcode_1_placeholderZimmer 19<\/h4>\n<p>Jugendh\u00f6rspiel<br \/>\n(Co-Autor Ulrich Kiehl)<br \/>\nProduktion Radio DDR 1988<\/p>\n<h4>ngg_shortcode_2_placeholderVerwunschen<\/h4>\n<p>Kinderh\u00f6rspiel<br \/>\nProduktion Radio DDR 1986<\/p>\n","protected":false},"excerpt":{"rendered":"<p>Hase Dreil\u00e4ufer nach Gerhard Holtz-Baumert Produktion Radio DDR 1985 Zimmer 19 Jugendh\u00f6rspiel (Co-Autor Ulrich Kiehl) Produktion Radio DDR 1988 Verwunschen Kinderh\u00f6rspiel Produktion Radio DDR 1986<\/p>\n","protected":false},"author":1,"featured_media":0,"parent":0,"menu_order":40,"comment_status":"open","ping_status":"open","template":"","meta":{"ngg_post_thumbnail":0,"footnotes":""},"class_list":["post-7","page","type-page","status-publish","hentry"],"_links":{"self":[{"href":"http:\/\/www.kathrinaehnlich.com\/kat\/wp-json\/wp\/v2\/pages\/7"}],"collection":[{"href":"http:\/\/www.kathrinaehnlich.com\/kat\/wp-json\/wp\/v2\/pages"}],"about":[{"href":"http:\/\/www.kathrinaehnlich.com\/kat\/wp-json\/wp\/v2\/types\/page"}],"author":[{"embeddable":true,"href":"http:\/\/www.kathrinaehnlich.com\/kat\/wp-json\/wp\/v2\/users\/1"}],"replies":[{"embeddable":true,"href":"http:\/\/www.kathrinaehnlich.com\/kat\/wp-json\/wp\/v2\/comments?post=7"}],"version-history":[{"count":0,"href":"http:\/\/www.kathrinaehnlich.com\/kat\/wp-json\/wp\/v2\/pages\/7\/revisions"}],"wp:attachment":[{"href":"http:\/\/www.kathrinaehnlich.com\/kat\/wp-json\/wp\/v2\/media?parent=7"}],"curies":[{"name":"wp","href":"https:\/\/api.w.org\/{rel}","templated":true}]}}